{"id":8994,"date":"2018-05-18T10:01:03","date_gmt":"2018-05-18T10:01:03","guid":{"rendered":"http:\/\/www.madphy.nicedaybranding.com\/?page_id=8994"},"modified":"2018-10-04T12:02:09","modified_gmt":"2018-10-04T12:02:09","slug":"preprints","status":"publish","type":"page","link":"https:\/\/madphy-upv.com\/val\/preprints\/","title":{"rendered":"Preprints"},"content":{"rendered":"[vc_row type=\u00bbin_container\u00bb full_screen_row_position=\u00bbmiddle\u00bb scene_position=\u00bbcenter\u00bb text_color=\u00bbdark\u00bb text_align=\u00bbleft\u00bb top_padding=\u00bb0&#8243; overlay_strength=\u00bb0.3&#8243; shape_divider_position=\u00bbbottom\u00bb shape_type=\u00bb\u00bb][vc_column column_padding=\u00bbno-extra-padding\u00bb column_padding_position=\u00bball\u00bb background_color_opacity=\u00bb1&#8243; background_hover_color_opacity=\u00bb1&#8243; column_shadow=\u00bbnone\u00bb column_border_radius=\u00bbnone\u00bb width=\u00bb1\/1&#8243; tablet_text_alignment=\u00bbdefault\u00bb phone_text_alignment=\u00bbdefault\u00bb column_border_width=\u00bbnone\u00bb column_border_style=\u00bbsolid\u00bb]\t\r\n\t<div class=\"row\">\r\n\t\r\n\t <div class=\"post-area col featured_img_left span_9   \" data-ams=\"\" data-remove-post-date=\"\" data-remove-post-author=\"\" data-remove-post-comment-number=\"\" data-remove-post-nectar-love=\"\"> <div class=\"posts-container\" data-load-animation=\"none\">\t\t\t\r\n\t\t\t<\/div><!--\/posts container-->\r\n\t\t\t\r\n\t\t\t\t\t\r\n  <\/div><!--\/post area-->\r\n  \r\n  \t\t\r\n\t\t\t<div id=\"sidebar\" data-nectar-ss=\"\" class=\"col span_3 col_last\">\r\n\t\t\t<div id=\"search-2\" class=\"widget widget_search\"><form role=\"search\" method=\"get\" class=\"search-form\" action=\"https:\/\/madphy-upv.com\/val\/\">\r\n\t<input type=\"text\" class=\"search-field\" placeholder=\"Search...\" value=\"\" name=\"s\" title=\"Search for:\" \/>\r\n\t<button type=\"submit\" class=\"search-widget-btn\"><span class=\"normal icon-salient-search\" aria-hidden=\"true\"><\/span><span class=\"text\">Search<\/span><\/button>\r\n<\/form><\/div>\n\t\t<div id=\"recent-posts-2\" class=\"widget widget_recent_entries\">\n\t\t<h4>Entradas recientes<\/h4>\n\t\t<ul>\n\t\t\t\t\t\t\t\t\t\t\t<li>\n\t\t\t\t\t<a href=\"https:\/\/madphy-upv.com\/eventos\/branding-personal-para-cientificos\/\">Branding personal para cient\u00edficos (1a parte)<\/a>\n\t\t\t\t\t\t\t\t\t<\/li>\n\t\t\t\t\t\t\t\t\t\t\t<li>\n\t\t\t\t\t<a href=\"https:\/\/madphy-upv.com\/noticias\/coviddata-19\/\">COVIDData-19<\/a>\n\t\t\t\t\t\t\t\t\t<\/li>\n\t\t\t\t\t\t\t\t\t\t\t<li>\n\t\t\t\t\t<a href=\"https:\/\/madphy-upv.com\/noticias\/xabia-contara-con-el-respaldo-de-distrito-digital-y-la-upv-en-su-estrategia-formativa-en-nuevas-tecnologias\/\">X\u00e0bia contar\u00e1 con el respaldo de Distrito Digital y la UPV en su estrategia formativa en nuevas tecnolog\u00edas.<\/a>\n\t\t\t\t\t\t\t\t\t<\/li>\n\t\t\t\t\t\t\t\t\t\t\t<li>\n\t\t\t\t\t<a href=\"https:\/\/madphy-upv.com\/noticias\/acuerdo-de-colaboracion-entre-grafetech-y-el-grupo-madphy-datasea\/\">Acuerdo de colaboraci\u00f3n entre Grafetech y el Grupo Madphy-Datasea.<\/a>\n\t\t\t\t\t\t\t\t\t<\/li>\n\t\t\t\t\t\t\t\t\t\t\t<li>\n\t\t\t\t\t<a href=\"https:\/\/madphy-upv.com\/noticias\/acuerdo-grafetech-con-la-universitat-politecnica-de-valencia\/\">Acuerdo GrafeTECH con la Universitat Polit\u00e8cnica de Val\u00e8ncia<\/a>\n\t\t\t\t\t\t\t\t\t<\/li>\n\t\t\t\t\t<\/ul>\n\n\t\t<\/div>\t\t<\/div><!--\/span_3-->\r\n   \r\n\t<\/div>\r\n\t\r\n\t[\/vc_column][\/vc_row]\n<!-- AddThis Advanced Settings generic via filter on the_content --><!-- AddThis Share Buttons generic via filter on the_content -->","protected":false},"excerpt":{"rendered":"<p>[vc_row type=\u00bbin_container\u00bb full_screen_row_position=\u00bbmiddle\u00bb scene_position=\u00bbcenter\u00bb text_color=\u00bbdark\u00bb text_align=\u00bbleft\u00bb top_padding=\u00bb0&#8243; overlay_strength=\u00bb0.3&#8243; shape_divider_position=\u00bbbottom\u00bb shape_type=\u00bb\u00bb][vc_column column_padding=\u00bbno-extra-padding\u00bb column_padding_position=\u00bball\u00bb background_color_opacity=\u00bb1&#8243; background_hover_color_opacity=\u00bb1&#8243; column_shadow=\u00bbnone\u00bb column_border_radius=\u00bbnone\u00bb width=\u00bb1\/1&#8243; tablet_text_alignment=\u00bbdefault\u00bb phone_text_alignment=\u00bbdefault\u00bb column_border_width=\u00bbnone\u00bb column_border_style=\u00bbsolid\u00bb][\/vc_column][\/vc_row]<!-- AddThis Advanced Settings generic via filter on get_the_excerpt --><!-- AddThis Share Buttons generic via filter on get_the_excerpt --><\/p>\n","protected":false},"author":3,"featured_media":0,"parent":0,"menu_order":0,"comment_status":"closed","ping_status":"closed","template":"","meta":[],"yoast_head":"<!-- This site is optimized with the Yoast SEO plugin v14.8.1 - https:\/\/yoast.com\/wordpress\/plugins\/seo\/ -->\n<title>Preprints | Madphy<\/title>\n<meta name=\"robots\" content=\"index, follow\" \/>\n<meta name=\"googlebot\" content=\"index, follow, max-snippet:-1, max-image-preview:large, max-video-preview:-1\" \/>\n<meta name=\"bingbot\" content=\"index, follow, max-snippet:-1, max-image-preview:large, max-video-preview:-1\" \/>\n<link rel=\"canonical\" href=\"https:\/\/www.madphy.webs.upv.es\/val\/preprints\/\" \/>\n<meta property=\"og:locale\" content=\"es_ES\" \/>\n<meta property=\"og:type\" content=\"article\" \/>\n<meta property=\"og:title\" content=\"Preprints | Madphy\" \/>\n<meta property=\"og:description\" content=\"[vc_row type=\u00bbin_container\u00bb full_screen_row_position=\u00bbmiddle\u00bb scene_position=\u00bbcenter\u00bb text_color=\u00bbdark\u00bb text_align=\u00bbleft\u00bb top_padding=\u00bb0&#8243; overlay_strength=\u00bb0.3&#8243; shape_divider_position=\u00bbbottom\u00bb shape_type=\u00bb\u00bb][vc_column column_padding=\u00bbno-extra-padding\u00bb column_padding_position=\u00bball\u00bb background_color_opacity=\u00bb1&#8243; background_hover_color_opacity=\u00bb1&#8243; column_shadow=\u00bbnone\u00bb column_border_radius=\u00bbnone\u00bb width=\u00bb1\/1&#8243; tablet_text_alignment=\u00bbdefault\u00bb phone_text_alignment=\u00bbdefault\u00bb column_border_width=\u00bbnone\u00bb column_border_style=\u00bbsolid\u00bb][\/vc_column][\/vc_row]\" \/>\n<meta property=\"og:url\" content=\"https:\/\/www.madphy.webs.upv.es\/val\/preprints\/\" \/>\n<meta property=\"og:site_name\" content=\"Madphy\" \/>\n<meta property=\"article:publisher\" content=\"https:\/\/www.facebook.com\/etsinf\" \/>\n<meta property=\"article:modified_time\" content=\"2018-10-04T12:02:09+00:00\" \/>\n<meta name=\"twitter:card\" content=\"summary\" \/>\n<meta name=\"twitter:creator\" content=\"@etsinfupv\" \/>\n<meta name=\"twitter:site\" content=\"@etsinfupv\" \/>\n<script type=\"application\/ld+json\" class=\"yoast-schema-graph\">{\"@context\":\"https:\/\/schema.org\",\"@graph\":[{\"@type\":\"WebSite\",\"@id\":\"https:\/\/madphy-upv.com\/val\/#website\",\"url\":\"https:\/\/madphy-upv.com\/val\/\",\"name\":\"Madphy\",\"description\":\"Grupo de Investigaci\\u00f3n\",\"potentialAction\":[{\"@type\":\"SearchAction\",\"target\":\"https:\/\/madphy-upv.com\/val\/?s={search_term_string}\",\"query-input\":\"required name=search_term_string\"}],\"inLanguage\":\"es\"},{\"@type\":\"WebPage\",\"@id\":\"https:\/\/www.madphy.webs.upv.es\/val\/preprints\/#webpage\",\"url\":\"https:\/\/www.madphy.webs.upv.es\/val\/preprints\/\",\"name\":\"Preprints | Madphy\",\"isPartOf\":{\"@id\":\"https:\/\/madphy-upv.com\/val\/#website\"},\"datePublished\":\"2018-05-18T10:01:03+00:00\",\"dateModified\":\"2018-10-04T12:02:09+00:00\",\"inLanguage\":\"es\",\"potentialAction\":[{\"@type\":\"ReadAction\",\"target\":[\"https:\/\/www.madphy.webs.upv.es\/val\/preprints\/\"]}]}]}<\/script>\n<!-- \/ Yoast SEO plugin. -->","_links":{"self":[{"href":"https:\/\/madphy-upv.com\/val\/wp-json\/wp\/v2\/pages\/8994\/"}],"collection":[{"href":"https:\/\/madphy-upv.com\/val\/wp-json\/wp\/v2\/pages\/"}],"about":[{"href":"https:\/\/madphy-upv.com\/val\/wp-json\/wp\/v2\/types\/page\/"}],"author":[{"embeddable":true,"href":"https:\/\/madphy-upv.com\/val\/wp-json\/wp\/v2\/users\/3\/"}],"replies":[{"embeddable":true,"href":"https:\/\/madphy-upv.com\/val\/wp-json\/wp\/v2\/comments\/?post=8994"}],"version-history":[{"count":2,"href":"https:\/\/madphy-upv.com\/val\/wp-json\/wp\/v2\/pages\/8994\/revisions\/"}],"predecessor-version":[{"id":9178,"href":"https:\/\/madphy-upv.com\/val\/wp-json\/wp\/v2\/pages\/8994\/revisions\/9178\/"}],"wp:attachment":[{"href":"https:\/\/madphy-upv.com\/val\/wp-json\/wp\/v2\/media\/?parent=8994"}],"curies":[{"name":"wp","href":"https:\/\/api.w.org\/{rel}","templated":true}]}}